{"id":3396,"date":"2023-01-14T21:58:38","date_gmt":"2023-01-14T20:58:38","guid":{"rendered":"https:\/\/https:\/\/msk.lodz.pl\/msk-polesie-zajecia-2\/"},"modified":"2023-07-06T20:08:51","modified_gmt":"2023-07-06T18:08:51","slug":"msk-stary-widzew-zajecia","status":"publish","type":"page","link":"https:\/\/msk.lodz.pl\/en\/msk-stary-widzew-zajecia\/","title":{"rendered":"MSK: Old Widzew | Activities"},"content":{"rendered":"<div data-elementor-type=\"wp-page\" data-elementor-id=\"3396\" class=\"elementor elementor-3396\" data-elementor-post-type=\"page\">\n\t\t\t\t\t\t<section class=\"elementor-section elementor-top-section elementor-element elementor-element-ca61c3a elementor-section-boxed elementor-section-height-default elementor-section-height-default\" data-id=\"ca61c3a\" data-element_type=\"section\">\n\t\t\t\t\t\t<div class=\"elementor-container elementor-column-gap-default\">\n\t\t\t\t\t<div class=\"elementor-column elementor-col-100 elementor-top-column elementor-element elementor-element-d328ca4\" data-id=\"d328ca4\" data-element_type=\"column\">\n\t\t\t<div class=\"elementor-widget-wrap elementor-element-populated\">\n\t\t\t\t\t\t<div class=\"elementor-element elementor-element-1a3aac0 elementor-widget elementor-widget-shortcode\" data-id=\"1a3aac0\" data-element_type=\"widget\" data-widget_type=\"shortcode.default\">\n\t\t\t\t<div class=\"elementor-widget-container\">\n\t\t\t\t\t\t\t<div class=\"elementor-shortcode\"><div class=\"mec-modern-search-bar  mec-wrap mec-search-bar-wrap\"><form class=\"mec-search-form mec-totalcal-box\" method=\"get\" id=\"searchform\" action=\"https:\/\/msk.lodz.pl\/en\/\" data-trp-original-action=\"https:\/\/msk.lodz.pl\/en\">\r\n        <div class=\"mec-text-input-search\">\r\n            <i class=\"mec-sl-magnifier\"><\/i>\r\n            <input type=\"search\" value=\"\" id=\"s\" name=\"s\" \/>\r\n        <\/div><input class=\"mec-search-bar-input\" id=\"mec-search-bar-input\" type=\"submit\" alt=\"Search\" value=\"Search\" \/><input type=\"hidden\" name=\"post_type\" value=\"mec-events\"><input type=\"hidden\" name=\"trp-form-language\" value=\"en\"\/><\/form><\/div><script>\r\njQuery(document).ready(function($) {\r\n    jQuery(\"#keyword\").typeWatch(\r\n    {\r\n        wait: 400,\r\n        callback: function(value)\r\n        {\r\n            if(!value || value == \"\")\r\n            {\r\n                jQuery('#mec-ajax-search-result-wrap').css({opacity: '0', visibility: 'hidden' });\r\n            }\r\n            else\r\n            {\r\n                var keyword = jQuery('#keyword').val(),\r\n                    minLength = 3,\r\n                    searchWrap = jQuery('.mec-search-bar-wrap');\r\n\r\n                var category = '',\r\n                    location = '',\r\n                    organizer = '',\r\n                    speaker = '',\r\n                    tag = '',\r\n                    label = '';\r\n\r\n                if(keyword.length >= minLength) keyword = jQuery('#keyword').val();\r\n                if(keyword.length == 0) keyword = 'empty';\r\n\r\n                if(jQuery('#category').length > 0)\r\n                {\r\n                    if(searchWrap.find('#category').val().length !== 0) category = searchWrap.find('#category').val();\r\n                }\r\n\r\n                if(jQuery('#location').length > 0)\r\n                {\r\n                    if(searchWrap.find('#location').val().length !== 0) location = searchWrap.find('#location').val();\r\n                }\r\n\r\n                if(jQuery('#organizer').length > 0)\r\n                {\r\n                    if(searchWrap.find('#organizer').val().length !== 0) organizer = searchWrap.find('#organizer').val();\r\n                }\r\n\r\n                if(jQuery('#speaker').length > 0)\r\n                {\r\n                    if(searchWrap.find('#speaker').val().length !== 0) speaker = searchWrap.find('#speaker').val();\r\n                }\r\n\r\n                if(jQuery('#tag').length > 0)\r\n                {\r\n                    if(searchWrap.find('#tag').val().length !== 0) tag = searchWrap.find('#tag').val();\r\n                }\r\n\r\n                if(jQuery('#label').length > 0)\r\n                {\r\n                    if(searchWrap.find('#label').val().length !== 0) label = searchWrap.find('#label').val();\r\n                }\r\n\r\n                jQuery.ajax(\r\n                {\r\n                    url: 'https:\/\/msk.lodz.pl\/wp-admin\/admin-ajax.php',\r\n                    type: 'post',\r\n                    data: {\r\n                        action: 'mec_get_ajax_search_data',\r\n                        keyword: keyword,\r\n                        length : keyword.length,\r\n                        category: category,\r\n                        location: location,\r\n                        organizer: organizer,\r\n                        speaker: speaker,\r\n                        tag: tag,\r\n                        label: label\r\n                    },\r\n                    success: function(data)\r\n                    {\r\n                        jQuery('#mec-ajax-search-result-wrap').css(\r\n                        {\r\n                            opacity: '1',\r\n                            visibility: 'visible'\r\n                        });\r\n\r\n                        if(keyword != 'empty') jQuery('.mec-ajax-search-result-events').html(data);\r\n                    }\r\n                });\r\n            }\r\n        }\r\n    });\r\n\r\n    \/\/ Locked Press ENTER KEY\r\n    jQuery(\"#keyword\").ready(function($)\r\n    {\r\n        $(\".mec-ajax-search-result\").keypress(function(e)\r\n        {\r\n            if(e.which == 13) return false;\r\n        });\r\n    });\r\n});\r\n<\/script><\/div>\n\t\t\t\t\t\t<\/div>\n\t\t\t\t<\/div>\n\t\t\t\t<div class=\"elementor-element elementor-element-e4ef8e5 elementor-widget elementor-widget-shortcode\" data-id=\"e4ef8e5\" data-element_type=\"widget\" data-widget_type=\"shortcode.default\">\n\t\t\t\t<div class=\"elementor-widget-container\">\n\t\t\t\t\t\t\t<div class=\"elementor-shortcode\"><div class=\"mec-wrap mec-skin-grid-container\" id=\"mec_skin_13425\">\r\n\r\n    <div id=\"mec_search_form_13425\" class=\"mec-search-form mec-totalcal-box\"><div class=\"mec-dropdown-wrap\" ><div class=\"mec-dropdown-search\"><i class=\"mec-sl-folder\"><\/i><select  name=' ' id='mec_sf_category_13425' class='postform'>\n\t<option value='' selected='selected'>Category<\/option>\n\t<option class=\"level-0\" value=\"405\">News<\/option>\n\t<option class=\"level-0\" value=\"389\">Adults<\/option>\n\t<option class=\"level-0\" value=\"368\">Children<\/option>\n\t<option class=\"level-0\" value=\"390\">Film\/Photography<\/option>\n\t<option class=\"level-0\" value=\"391\">Games<\/option>\n\t<option class=\"level-0\" value=\"654\">Kino<\/option>\n\t<option class=\"level-0\" value=\"358\">Interest clubs<\/option>\n\t<option class=\"level-0\" value=\"392\">Literature<\/option>\n\t<option class=\"level-0\" value=\"394\">Youth<\/option>\n\t<option class=\"level-0\" value=\"537\">Music<\/option>\n\t<option class=\"level-0\" value=\"393\">Music\/Singing<\/option>\n\t<option class=\"level-0\" value=\"395\">Language learning<\/option>\n\t<option class=\"level-0\" value=\"396\">New technologies<\/option>\n\t<option class=\"level-0\" value=\"711\">Poezja<\/option>\n\t<option class=\"level-0\" value=\"535\">R\u0119kodzie\u0142o\/Rzemios\u0142o<\/option>\n\t<option class=\"level-0\" value=\"397\">Seniors<\/option>\n\t<option class=\"level-0\" value=\"536\">Singing<\/option>\n\t<option class=\"level-0\" value=\"398\">Lifestyle<\/option>\n\t<option class=\"level-0\" value=\"360\">Art<\/option>\n\t<option class=\"level-0\" value=\"369\">Dance<\/option>\n\t<option class=\"level-0\" value=\"433\">Theatre<\/option>\n\t<option class=\"level-0\" value=\"371\">Permanent activities<\/option>\n\t<option class=\"level-0\" value=\"633\">Zespo\u0142y Ludowe<\/option>\n<\/select>\n<\/div><\/div><\/div>\r\n            <div class=\"mec-skin-grid-events-container\" id=\"mec_skin_events_13425\">\r\n        <div class=\"mec-wrap colorskin-custom\">\r\n    <div class=\"mec-event-grid-classic\" data-widget-autoplay=\"1\" data-widget-loop=\"1\" data-widget-autoplay-time=\"3000\">\r\n        <div class=\"row\"><div class=\"col-md-3 col-sm-3\"><article class=\"mec-past-event mec-event-article mec-clear\" itemscope>                    <div class=\"mec-event-image\"><a data-event-id=\"112398\" href=\"https:\/\/msk.lodz.pl\/en\/msk\/komunikat\/?occurrence=2026-04-18\" target=\"_self\" rel=\"noopener\"><img fetchpriority=\"high\" decoding=\"async\" width=\"300\" height=\"169\" src=\"https:\/\/msk.lodz.pl\/wp-content\/uploads\/2025\/09\/Widok-plakaty-1920-x-1080-px-2-300x169.png\" class=\"attachment-medium size-medium wp-post-image\" alt=\"\" data-mec-postid=\"112398\" \/><\/a><\/div>\r\n                        <div class=\"mec-event-content\">\r\n                                    <div class=\"mec-event-date mec-bg-color\">\r\n                        <span class=\"mec-start-date-label\">18 April 2026<\/span><span class=\"mec-end-date-label\" itemprop=\"endDate\"> - 29 October 2026<\/span>                                                                    <\/div>\r\n                                                                <h4 class=\"mec-event-title\"><a class=\"mec-color-hover\" data-event-id=\"112398\" href=\"https:\/\/msk.lodz.pl\/en\/msk\/komunikat\/?occurrence=2026-04-18\" target=\"_self\" rel=\"noopener\">KOMUNIKAT<\/a><\/h4>\r\n                                <p class=\"mec-grid-event-location\">MSK: Stary Widzew, Dom Kultury Widok, al. Marsza\u0142ka J\u00f3zefa Pi\u0142sudskiego 133, 92-318 \u0141\u00f3d\u017a<\/p>\r\n                                                                            <\/div>\r\n            <div class=\"mec-event-footer\">\r\n                                                <a class=\"mec-booking-button\" data-event-id=\"112398\" href=\"https:\/\/msk.lodz.pl\/en\/msk\/komunikat\/?occurrence=2026-04-18\" target=\"_self\" rel=\"noopener\">View Detail<\/a>            <\/div>\r\n        <\/article><\/div>                        <\/div>\t<\/div>\r\n<\/div>\r\n\r\n    <\/div>\r\n    <div class=\"mec-skin-grid-no-events-container mec-util-hidden\" id=\"mec_skin_no_events_13425\">\r\n        No event found!    <\/div>\r\n    \r\n    \r\n<\/div>\r\n\n<\/div>\n\t\t\t\t\t\t<\/div>\n\t\t\t\t<\/div>\n\t\t\t\t\t<\/div>\n\t\t<\/div>\n\t\t\t\t\t<\/div>\n\t\t<\/section>\n\t\t\t\t<\/div>","protected":false},"excerpt":{"rendered":"","protected":false},"author":1,"featured_media":0,"parent":0,"menu_order":0,"comment_status":"closed","ping_status":"closed","template":"","meta":{"footnotes":""},"class_list":["post-3396","page","type-page","status-publish","hentry"],"yoast_head":"<!-- This site is optimized with the Yoast SEO plugin v26.5 - https:\/\/yoast.com\/wordpress\/plugins\/seo\/ -->\n<title>MSK: Stary Widzew | Zaj\u0119cia - MSK<\/title>\n<meta name=\"robots\" content=\"index, follow, max-snippet:-1, max-image-preview:large, max-video-preview:-1\" \/>\n<link rel=\"canonical\" href=\"https:\/\/msk.lodz.pl\/en\/msk-stary-widzew-zajecia\/\" \/>\n<meta property=\"og:locale\" content=\"en_GB\" \/>\n<meta property=\"og:type\" content=\"article\" \/>\n<meta property=\"og:title\" content=\"MSK: Stary Widzew | Zaj\u0119cia - MSK\" \/>\n<meta property=\"og:url\" content=\"https:\/\/msk.lodz.pl\/en\/msk-stary-widzew-zajecia\/\" \/>\n<meta property=\"og:site_name\" content=\"MSK\" \/>\n<meta property=\"article:modified_time\" content=\"2023-07-06T18:08:51+00:00\" \/>\n<meta property=\"og:image\" content=\"https:\/\/msk.lodz.pl\/wp-content\/uploads\/2025\/12\/1.png\" \/>\n\t<meta property=\"og:image:width\" content=\"1413\" \/>\n\t<meta property=\"og:image:height\" content=\"779\" \/>\n\t<meta property=\"og:image:type\" content=\"image\/png\" \/>\n<meta name=\"twitter:card\" content=\"summary_large_image\" \/>\n<script type=\"application\/ld+json\" class=\"yoast-schema-graph\">{\"@context\":\"https:\/\/schema.org\",\"@graph\":[{\"@type\":\"WebPage\",\"@id\":\"https:\/\/msk.lodz.pl\/msk-stary-widzew-zajecia\/\",\"url\":\"https:\/\/msk.lodz.pl\/msk-stary-widzew-zajecia\/\",\"name\":\"MSK: Stary Widzew | Zaj\u0119cia - MSK\",\"isPartOf\":{\"@id\":\"https:\/\/msk.lodz.pl\/#website\"},\"datePublished\":\"2023-01-14T20:58:38+00:00\",\"dateModified\":\"2023-07-06T18:08:51+00:00\",\"breadcrumb\":{\"@id\":\"https:\/\/msk.lodz.pl\/msk-stary-widzew-zajecia\/#breadcrumb\"},\"inLanguage\":\"en-GB\",\"potentialAction\":[{\"@type\":\"ReadAction\",\"target\":[\"https:\/\/msk.lodz.pl\/msk-stary-widzew-zajecia\/\"]}]},{\"@type\":\"BreadcrumbList\",\"@id\":\"https:\/\/msk.lodz.pl\/msk-stary-widzew-zajecia\/#breadcrumb\",\"itemListElement\":[{\"@type\":\"ListItem\",\"position\":1,\"name\":\"Strona g\u0142\u00f3wna\",\"item\":\"http:\/\/msk.lodz.pl\/en\/\"},{\"@type\":\"ListItem\",\"position\":2,\"name\":\"MSK: Stary Widzew | Zaj\u0119cia\"}]},{\"@type\":\"WebSite\",\"@id\":\"https:\/\/msk.lodz.pl\/#website\",\"url\":\"https:\/\/msk.lodz.pl\/\",\"name\":\"MSK - \u0141\u00f3d\u017a\",\"description\":\"\",\"publisher\":{\"@id\":\"https:\/\/msk.lodz.pl\/#organization\"},\"potentialAction\":[{\"@type\":\"SearchAction\",\"target\":{\"@type\":\"EntryPoint\",\"urlTemplate\":\"https:\/\/msk.lodz.pl\/?s={search_term_string}\"},\"query-input\":{\"@type\":\"PropertyValueSpecification\",\"valueRequired\":true,\"valueName\":\"search_term_string\"}}],\"inLanguage\":\"en-GB\"},{\"@type\":\"Organization\",\"@id\":\"https:\/\/msk.lodz.pl\/#organization\",\"name\":\"MSK - \u0141\u00f3d\u017a\",\"url\":\"https:\/\/msk.lodz.pl\/\",\"logo\":{\"@type\":\"ImageObject\",\"inLanguage\":\"en-GB\",\"@id\":\"https:\/\/msk.lodz.pl\/#\/schema\/logo\/image\/\",\"url\":\"https:\/\/msk.lodz.pl\/wp-content\/uploads\/2023\/04\/cropped-Fav_icon_MSK.png\",\"contentUrl\":\"https:\/\/msk.lodz.pl\/wp-content\/uploads\/2023\/04\/cropped-Fav_icon_MSK.png\",\"width\":512,\"height\":512,\"caption\":\"MSK - \u0141\u00f3d\u017a\"},\"image\":{\"@id\":\"https:\/\/msk.lodz.pl\/#\/schema\/logo\/image\/\"}}]}<\/script>\n<!-- \/ Yoast SEO plugin. -->","yoast_head_json":{"title":"MSK: Stary Widzew | Zaj\u0119cia - MSK","robots":{"index":"index","follow":"follow","max-snippet":"max-snippet:-1","max-image-preview":"max-image-preview:large","max-video-preview":"max-video-preview:-1"},"canonical":"https:\/\/msk.lodz.pl\/en\/msk-stary-widzew-zajecia\/","og_locale":"en_GB","og_type":"article","og_title":"MSK: Stary Widzew | Zaj\u0119cia - MSK","og_url":"https:\/\/msk.lodz.pl\/en\/msk-stary-widzew-zajecia\/","og_site_name":"MSK","article_modified_time":"2023-07-06T18:08:51+00:00","og_image":[{"width":1413,"height":779,"url":"https:\/\/msk.lodz.pl\/wp-content\/uploads\/2025\/12\/1.png","type":"image\/png"}],"twitter_card":"summary_large_image","schema":{"@context":"https:\/\/schema.org","@graph":[{"@type":"WebPage","@id":"https:\/\/msk.lodz.pl\/msk-stary-widzew-zajecia\/","url":"https:\/\/msk.lodz.pl\/msk-stary-widzew-zajecia\/","name":"MSK: Stary Widzew | Zaj\u0119cia - MSK","isPartOf":{"@id":"https:\/\/msk.lodz.pl\/#website"},"datePublished":"2023-01-14T20:58:38+00:00","dateModified":"2023-07-06T18:08:51+00:00","breadcrumb":{"@id":"https:\/\/msk.lodz.pl\/msk-stary-widzew-zajecia\/#breadcrumb"},"inLanguage":"en-GB","potentialAction":[{"@type":"ReadAction","target":["https:\/\/msk.lodz.pl\/msk-stary-widzew-zajecia\/"]}]},{"@type":"BreadcrumbList","@id":"https:\/\/msk.lodz.pl\/msk-stary-widzew-zajecia\/#breadcrumb","itemListElement":[{"@type":"ListItem","position":1,"name":"Strona g\u0142\u00f3wna","item":"http:\/\/msk.lodz.pl\/en\/"},{"@type":"ListItem","position":2,"name":"MSK: Stary Widzew | Zaj\u0119cia"}]},{"@type":"WebSite","@id":"https:\/\/msk.lodz.pl\/#website","url":"https:\/\/msk.lodz.pl\/","name":"MSK - \u0141\u00f3d\u017a","description":"","publisher":{"@id":"https:\/\/msk.lodz.pl\/#organization"},"potentialAction":[{"@type":"SearchAction","target":{"@type":"EntryPoint","urlTemplate":"https:\/\/msk.lodz.pl\/?s={search_term_string}"},"query-input":{"@type":"PropertyValueSpecification","valueRequired":true,"valueName":"search_term_string"}}],"inLanguage":"en-GB"},{"@type":"Organization","@id":"https:\/\/msk.lodz.pl\/#organization","name":"MSK - \u0141\u00f3d\u017a","url":"https:\/\/msk.lodz.pl\/","logo":{"@type":"ImageObject","inLanguage":"en-GB","@id":"https:\/\/msk.lodz.pl\/#\/schema\/logo\/image\/","url":"https:\/\/msk.lodz.pl\/wp-content\/uploads\/2023\/04\/cropped-Fav_icon_MSK.png","contentUrl":"https:\/\/msk.lodz.pl\/wp-content\/uploads\/2023\/04\/cropped-Fav_icon_MSK.png","width":512,"height":512,"caption":"MSK - \u0141\u00f3d\u017a"},"image":{"@id":"https:\/\/msk.lodz.pl\/#\/schema\/logo\/image\/"}}]}},"_links":{"self":[{"href":"https:\/\/msk.lodz.pl\/en\/wp-json\/wp\/v2\/pages\/3396","targetHints":{"allow":["GET"]}}],"collection":[{"href":"https:\/\/msk.lodz.pl\/en\/wp-json\/wp\/v2\/pages"}],"about":[{"href":"https:\/\/msk.lodz.pl\/en\/wp-json\/wp\/v2\/types\/page"}],"author":[{"embeddable":true,"href":"https:\/\/msk.lodz.pl\/en\/wp-json\/wp\/v2\/users\/1"}],"replies":[{"embeddable":true,"href":"https:\/\/msk.lodz.pl\/en\/wp-json\/wp\/v2\/comments?post=3396"}],"version-history":[{"count":0,"href":"https:\/\/msk.lodz.pl\/en\/wp-json\/wp\/v2\/pages\/3396\/revisions"}],"wp:attachment":[{"href":"https:\/\/msk.lodz.pl\/en\/wp-json\/wp\/v2\/media?parent=3396"}],"curies":[{"name":"wp","href":"https:\/\/api.w.org\/{rel}","templated":true}]}}