{"id":4847,"date":"2023-01-29T16:23:47","date_gmt":"2023-01-29T15:23:47","guid":{"rendered":"https:\/\/https:\/\/msk.lodz.pl\/?page_id=4847"},"modified":"2023-01-29T17:18:13","modified_gmt":"2023-01-29T16:18:13","slug":"wydarzenia-mskpolesie","status":"publish","type":"page","link":"https:\/\/msk.lodz.pl\/en\/wydarzenia-mskpolesie\/","title":{"rendered":"Events | MSK:Polesie"},"content":{"rendered":"<div data-elementor-type=\"wp-page\" data-elementor-id=\"4847\" class=\"elementor elementor-4847\" data-elementor-post-type=\"page\">\n\t\t\t\t\t\t<section class=\"elementor-section elementor-top-section elementor-element elementor-element-3b655fd elementor-section-boxed elementor-section-height-default elementor-section-height-default\" data-id=\"3b655fd\" data-element_type=\"section\" data-settings=\"{&quot;background_background&quot;:&quot;classic&quot;}\">\n\t\t\t\t\t\t\t<div class=\"elementor-background-overlay\"><\/div>\n\t\t\t\t\t\t\t<div class=\"elementor-container elementor-column-gap-no\">\n\t\t\t\t\t<div class=\"elementor-column elementor-col-100 elementor-top-column elementor-element elementor-element-08ba0cf\" data-id=\"08ba0cf\" data-element_type=\"column\">\n\t\t\t<div class=\"elementor-widget-wrap elementor-element-populated\">\n\t\t\t\t\t\t<div class=\"elementor-element elementor-element-b08a290 elementor-widget-divider--view-line elementor-widget elementor-widget-divider\" data-id=\"b08a290\" data-element_type=\"widget\" data-widget_type=\"divider.default\">\n\t\t\t\t<div class=\"elementor-widget-container\">\n\t\t\t\t\t\t\t<div class=\"elementor-divider\">\n\t\t\t<span class=\"elementor-divider-separator\">\n\t\t\t\t\t\t<\/span>\n\t\t<\/div>\n\t\t\t\t\t\t<\/div>\n\t\t\t\t<\/div>\n\t\t\t\t<div class=\"elementor-element elementor-element-13c26d5 elementor-widget elementor-widget-heading\" data-id=\"13c26d5\" data-element_type=\"widget\" data-widget_type=\"heading.default\">\n\t\t\t\t<div class=\"elementor-widget-container\">\n\t\t\t\t\t<h1 class=\"elementor-heading-title elementor-size-default\">Events | MSK:Polesie<\/h1>\t\t\t\t<\/div>\n\t\t\t\t<\/div>\n\t\t\t\t\t<\/div>\n\t\t<\/div>\n\t\t\t\t\t<\/div>\n\t\t<\/section>\n\t\t\t\t<section class=\"elementor-section elementor-top-section elementor-element elementor-element-e555087 elementor-section-boxed elementor-section-height-default elementor-section-height-default\" data-id=\"e555087\" data-element_type=\"section\">\n\t\t\t\t\t\t<div class=\"elementor-container elementor-column-gap-default\">\n\t\t\t\t\t<div class=\"elementor-column elementor-col-100 elementor-top-column elementor-element elementor-element-7fea2e3\" data-id=\"7fea2e3\" data-element_type=\"column\">\n\t\t\t<div class=\"elementor-widget-wrap\">\n\t\t\t\t\t\t\t<\/div>\n\t\t<\/div>\n\t\t\t\t\t<\/div>\n\t\t<\/section>\n\t\t\t\t<\/div>","protected":false},"excerpt":{"rendered":"<p>Wydarzenia | MSK:Polesie stycze\u0144 2023 st. 29 29 stycze\u0144 2023 \u201eNieoboj\u0119tne czytanie\u201d Nieoboj\u0119tne czytanie Cykl czyta\u0144 performatywnych \u201eNieoboj\u0119tne czytanie\u201d jest po\u015bwi\u0119cony dobrej literaturze najnowszej i starszej. W jego ramach prezentowane s\u0105 teksty wa\u017cne, poruszaj\u0105ce emocjonalnie i intelektualnie i w wielu tego s\u0142owa [&hellip;] Find out moreluty 2023 lt. 11 11 luty 2023 Koncerty Student\u00f3w Akademii [&hellip;]<\/p>","protected":false},"author":1,"featured_media":0,"parent":0,"menu_order":0,"comment_status":"closed","ping_status":"closed","template":"","meta":{"footnotes":""},"class_list":["post-4847","page","type-page","status-publish","hentry"],"yoast_head":"<!-- This site is optimized with the Yoast SEO plugin v26.5 - https:\/\/yoast.com\/wordpress\/plugins\/seo\/ -->\n<title>Wydarzenia | MSK:Polesie - MSK<\/title>\n<meta name=\"robots\" content=\"index, follow, max-snippet:-1, max-image-preview:large, max-video-preview:-1\" \/>\n<link rel=\"canonical\" href=\"https:\/\/msk.lodz.pl\/en\/wydarzenia-mskpolesie\/\" \/>\n<meta property=\"og:locale\" content=\"en_GB\" \/>\n<meta property=\"og:type\" content=\"article\" \/>\n<meta property=\"og:title\" content=\"Wydarzenia | MSK:Polesie - MSK\" \/>\n<meta property=\"og:description\" content=\"Wydarzenia | MSK:Polesie stycze\u0144 2023 st. 29 29 stycze\u0144 2023 \u201eNieoboj\u0119tne czytanie\u201d Nieoboj\u0119tne czytanie Cykl czyta\u0144 performatywnych \u201eNieoboj\u0119tne czytanie\u201d jest po\u015bwi\u0119cony dobrej literaturze najnowszej i starszej. W jego ramach prezentowane s\u0105 teksty wa\u017cne, poruszaj\u0105ce emocjonalnie i intelektualnie i w wielu tego s\u0142owa [&hellip;] Find out moreluty 2023 lt. 11 11 luty 2023 Koncerty Student\u00f3w Akademii [&hellip;]\" \/>\n<meta property=\"og:url\" content=\"https:\/\/msk.lodz.pl\/en\/wydarzenia-mskpolesie\/\" \/>\n<meta property=\"og:site_name\" content=\"MSK\" \/>\n<meta property=\"article:modified_time\" content=\"2023-01-29T16:18:13+00:00\" \/>\n<meta property=\"og:image\" content=\"https:\/\/msk.lodz.pl\/wp-content\/uploads\/2025\/12\/1.png\" \/>\n\t<meta property=\"og:image:width\" content=\"1413\" \/>\n\t<meta property=\"og:image:height\" content=\"779\" \/>\n\t<meta property=\"og:image:type\" content=\"image\/png\" \/>\n<meta name=\"twitter:card\" content=\"summary_large_image\" \/>\n<meta name=\"twitter:label1\" content=\"Estimated reading time\" \/>\n\t<meta name=\"twitter:data1\" content=\"1 minute\" \/>\n<script type=\"application\/ld+json\" class=\"yoast-schema-graph\">{\"@context\":\"https:\/\/schema.org\",\"@graph\":[{\"@type\":\"WebPage\",\"@id\":\"https:\/\/msk.lodz.pl\/en\/wydarzenia-mskpolesie\/\",\"url\":\"https:\/\/msk.lodz.pl\/en\/wydarzenia-mskpolesie\/\",\"name\":\"Wydarzenia | MSK:Polesie - MSK\",\"isPartOf\":{\"@id\":\"https:\/\/msk.lodz.pl\/#website\"},\"datePublished\":\"2023-01-29T15:23:47+00:00\",\"dateModified\":\"2023-01-29T16:18:13+00:00\",\"breadcrumb\":{\"@id\":\"https:\/\/msk.lodz.pl\/en\/wydarzenia-mskpolesie\/#breadcrumb\"},\"inLanguage\":\"en-GB\",\"potentialAction\":[{\"@type\":\"ReadAction\",\"target\":[\"https:\/\/msk.lodz.pl\/en\/wydarzenia-mskpolesie\/\"]}]},{\"@type\":\"BreadcrumbList\",\"@id\":\"https:\/\/msk.lodz.pl\/en\/wydarzenia-mskpolesie\/#breadcrumb\",\"itemListElement\":[{\"@type\":\"ListItem\",\"position\":1,\"name\":\"Strona g\u0142\u00f3wna\",\"item\":\"http:\/\/msk.lodz.pl\/en\/\"},{\"@type\":\"ListItem\",\"position\":2,\"name\":\"Wydarzenia | MSK:Polesie\"}]},{\"@type\":\"WebSite\",\"@id\":\"https:\/\/msk.lodz.pl\/#website\",\"url\":\"https:\/\/msk.lodz.pl\/\",\"name\":\"MSK - \u0141\u00f3d\u017a\",\"description\":\"\",\"publisher\":{\"@id\":\"https:\/\/msk.lodz.pl\/#organization\"},\"potentialAction\":[{\"@type\":\"SearchAction\",\"target\":{\"@type\":\"EntryPoint\",\"urlTemplate\":\"https:\/\/msk.lodz.pl\/?s={search_term_string}\"},\"query-input\":{\"@type\":\"PropertyValueSpecification\",\"valueRequired\":true,\"valueName\":\"search_term_string\"}}],\"inLanguage\":\"en-GB\"},{\"@type\":\"Organization\",\"@id\":\"https:\/\/msk.lodz.pl\/#organization\",\"name\":\"MSK - \u0141\u00f3d\u017a\",\"url\":\"https:\/\/msk.lodz.pl\/\",\"logo\":{\"@type\":\"ImageObject\",\"inLanguage\":\"en-GB\",\"@id\":\"https:\/\/msk.lodz.pl\/#\/schema\/logo\/image\/\",\"url\":\"https:\/\/msk.lodz.pl\/wp-content\/uploads\/2023\/04\/cropped-Fav_icon_MSK.png\",\"contentUrl\":\"https:\/\/msk.lodz.pl\/wp-content\/uploads\/2023\/04\/cropped-Fav_icon_MSK.png\",\"width\":512,\"height\":512,\"caption\":\"MSK - \u0141\u00f3d\u017a\"},\"image\":{\"@id\":\"https:\/\/msk.lodz.pl\/#\/schema\/logo\/image\/\"}}]}<\/script>\n<!-- \/ Yoast SEO plugin. -->","yoast_head_json":{"title":"Wydarzenia | MSK:Polesie - MSK","robots":{"index":"index","follow":"follow","max-snippet":"max-snippet:-1","max-image-preview":"max-image-preview:large","max-video-preview":"max-video-preview:-1"},"canonical":"https:\/\/msk.lodz.pl\/en\/wydarzenia-mskpolesie\/","og_locale":"en_GB","og_type":"article","og_title":"Wydarzenia | MSK:Polesie - MSK","og_description":"Wydarzenia | MSK:Polesie stycze\u0144 2023 st. 29 29 stycze\u0144 2023 \u201eNieoboj\u0119tne czytanie\u201d Nieoboj\u0119tne czytanie Cykl czyta\u0144 performatywnych \u201eNieoboj\u0119tne czytanie\u201d jest po\u015bwi\u0119cony dobrej literaturze najnowszej i starszej. W jego ramach prezentowane s\u0105 teksty wa\u017cne, poruszaj\u0105ce emocjonalnie i intelektualnie i w wielu tego s\u0142owa [&hellip;] Find out moreluty 2023 lt. 11 11 luty 2023 Koncerty Student\u00f3w Akademii [&hellip;]","og_url":"https:\/\/msk.lodz.pl\/en\/wydarzenia-mskpolesie\/","og_site_name":"MSK","article_modified_time":"2023-01-29T16:18:13+00:00","og_image":[{"width":1413,"height":779,"url":"https:\/\/msk.lodz.pl\/wp-content\/uploads\/2025\/12\/1.png","type":"image\/png"}],"twitter_card":"summary_large_image","twitter_misc":{"Estimated reading time":"1 minute"},"schema":{"@context":"https:\/\/schema.org","@graph":[{"@type":"WebPage","@id":"https:\/\/msk.lodz.pl\/en\/wydarzenia-mskpolesie\/","url":"https:\/\/msk.lodz.pl\/en\/wydarzenia-mskpolesie\/","name":"Wydarzenia | MSK:Polesie - MSK","isPartOf":{"@id":"https:\/\/msk.lodz.pl\/#website"},"datePublished":"2023-01-29T15:23:47+00:00","dateModified":"2023-01-29T16:18:13+00:00","breadcrumb":{"@id":"https:\/\/msk.lodz.pl\/en\/wydarzenia-mskpolesie\/#breadcrumb"},"inLanguage":"en-GB","potentialAction":[{"@type":"ReadAction","target":["https:\/\/msk.lodz.pl\/en\/wydarzenia-mskpolesie\/"]}]},{"@type":"BreadcrumbList","@id":"https:\/\/msk.lodz.pl\/en\/wydarzenia-mskpolesie\/#breadcrumb","itemListElement":[{"@type":"ListItem","position":1,"name":"Strona g\u0142\u00f3wna","item":"http:\/\/msk.lodz.pl\/en\/"},{"@type":"ListItem","position":2,"name":"Wydarzenia | MSK:Polesie"}]},{"@type":"WebSite","@id":"https:\/\/msk.lodz.pl\/#website","url":"https:\/\/msk.lodz.pl\/","name":"MSK - \u0141\u00f3d\u017a","description":"","publisher":{"@id":"https:\/\/msk.lodz.pl\/#organization"},"potentialAction":[{"@type":"SearchAction","target":{"@type":"EntryPoint","urlTemplate":"https:\/\/msk.lodz.pl\/?s={search_term_string}"},"query-input":{"@type":"PropertyValueSpecification","valueRequired":true,"valueName":"search_term_string"}}],"inLanguage":"en-GB"},{"@type":"Organization","@id":"https:\/\/msk.lodz.pl\/#organization","name":"MSK - \u0141\u00f3d\u017a","url":"https:\/\/msk.lodz.pl\/","logo":{"@type":"ImageObject","inLanguage":"en-GB","@id":"https:\/\/msk.lodz.pl\/#\/schema\/logo\/image\/","url":"https:\/\/msk.lodz.pl\/wp-content\/uploads\/2023\/04\/cropped-Fav_icon_MSK.png","contentUrl":"https:\/\/msk.lodz.pl\/wp-content\/uploads\/2023\/04\/cropped-Fav_icon_MSK.png","width":512,"height":512,"caption":"MSK - \u0141\u00f3d\u017a"},"image":{"@id":"https:\/\/msk.lodz.pl\/#\/schema\/logo\/image\/"}}]}},"_links":{"self":[{"href":"https:\/\/msk.lodz.pl\/en\/wp-json\/wp\/v2\/pages\/4847","targetHints":{"allow":["GET"]}}],"collection":[{"href":"https:\/\/msk.lodz.pl\/en\/wp-json\/wp\/v2\/pages"}],"about":[{"href":"https:\/\/msk.lodz.pl\/en\/wp-json\/wp\/v2\/types\/page"}],"author":[{"embeddable":true,"href":"https:\/\/msk.lodz.pl\/en\/wp-json\/wp\/v2\/users\/1"}],"replies":[{"embeddable":true,"href":"https:\/\/msk.lodz.pl\/en\/wp-json\/wp\/v2\/comments?post=4847"}],"version-history":[{"count":0,"href":"https:\/\/msk.lodz.pl\/en\/wp-json\/wp\/v2\/pages\/4847\/revisions"}],"wp:attachment":[{"href":"https:\/\/msk.lodz.pl\/en\/wp-json\/wp\/v2\/media?parent=4847"}],"curies":[{"name":"wp","href":"https:\/\/api.w.org\/{rel}","templated":true}]}}